{"id":7,"date":"2020-07-03T01:59:28","date_gmt":"2020-07-03T01:59:28","guid":{"rendered":"https:\/\/webestudio.com.ar\/ecommerce\/?page_id=7"},"modified":"2026-03-16T22:54:37","modified_gmt":"2026-03-16T22:54:37","slug":"ecommerce","status":"publish","type":"page","link":"https:\/\/webestudio.com.ar\/ecommerce\/ecommerce\/","title":{"rendered":"E-COMMERCE"},"content":{"rendered":"\n<div class=\"wp-block-columns is-layout-flex wp-container-core-columns-is-layout-9d6595d7 wp-block-columns-is-layout-flex\">\n<div class=\"wp-block-column is-vertically-aligned-top is-layout-flow wp-block-column-is-layout-flow\"><i class=\"fas fa-list-alt\"><\/i>\n\n\n\n<h3 class=\"wp-block-heading has-text-align-center\">Seguimiento de pedidos<\/h3>\n\n\n\n<p>Administra tus pedidos y tu inventario en todo momento.<\/p>\n<\/div>\n\n\n\n<div class=\"wp-block-column is-layout-flow wp-block-column-is-layout-flow\"><i class=\"fas fa-dollar-sign\"><\/i>\n\n\n\n<h3 class=\"wp-block-heading has-text-align-center\">Medios de pago<\/h3>\n\n\n\n<p>Ofrece m\u00faltiples opciones de pago como tarjetas de cr\u00e9dito , d\u00e9bito, transferencia bancaria o Mercado pago.<\/p>\n<\/div>\n\n\n\n<div class=\"wp-block-column is-layout-flow wp-block-column-is-layout-flow\"><i class=\"fas fa-shipping-fast\"><\/i>\n\n\n\n<h3 class=\"wp-block-heading has-text-align-center\">Env\u00edos a todo el pa\u00eds<\/h3>\n\n\n\n<p>Coordin\u00e1 y automatiz\u00e1 el env\u00edo de tus productos con la diferentes formas de env\u00edo: Mercado env\u00edos, correo, etc.<\/p>\n<\/div>\n<\/div>\n\n\n\n<div class=\"wp-block-cover alignfull is-light\"><span aria-hidden=\"true\" class=\"wp-block-cover__background has-background-dim-100 has-background-dim\" style=\"background-color:#dcdcdc\"><\/span><div class=\"wp-block-cover__inner-container is-layout-flow wp-block-cover-is-layout-flow\">\n<div class=\"wp-block-columns is-layout-flex wp-container-core-columns-is-layout-9d6595d7 wp-block-columns-is-layout-flex\">\n<div class=\"wp-block-column is-vertically-aligned-center is-layout-flow wp-block-column-is-layout-flow\">\n<h2 class=\"wp-block-heading has-dark-gray-color has-text-color\">Se adapta a cualquier dispositivo<\/h2>\n\n\n\n<p class=\"has-light-gray-color has-text-color has-regular-font-size\">Tu tienda web se visualiza correctamente en cualquier dispositivo.  Gracias a la tecnolog\u00eda<strong> responsive design&nbsp;<\/strong>logramos adaptar tu sitio web al entorno del dispositivo en el que se encuentre. Con nuestras herramientas es f\u00e1cil  personalizar el estilo de tu p\u00e1gina web m\u00f3vil de <strong>eCommerce.<\/strong><\/p>\n<\/div>\n\n\n\n<div class=\"wp-block-column is-vertically-aligned-center is-layout-flow wp-block-column-is-layout-flow\"><div class=\"wp-block-image\">\n<figure class=\"aligncenter size-medium\"><img fetchpriority=\"high\" decoding=\"async\" width=\"300\" height=\"174\" src=\"https:\/\/webestudio.com.ar\/ecommerce\/wp-content\/uploads\/2020\/07\/resp-300x174.png\" alt=\"\" class=\"wp-image-225\" srcset=\"https:\/\/webestudio.com.ar\/ecommerce\/wp-content\/uploads\/2020\/07\/resp-300x174.png 300w, https:\/\/webestudio.com.ar\/ecommerce\/wp-content\/uploads\/2020\/07\/resp.png 616w\" sizes=\"(max-width: 300px) 100vw, 300px\" \/><\/figure>\n<\/div><\/div>\n<\/div>\n\n\n\n<div class=\"wp-block-buttons alignwide is-content-justification-center is-layout-flex wp-container-core-buttons-is-layout-16018d1d wp-block-buttons-is-layout-flex\">\n<div class=\"wp-block-button\"><a class=\"wp-block-button__link wp-element-button\" href=\"https:\/\/webestudio.com.ar\/ecommerce\/contacto#wpcf7-f308-p306-o1\">Conoc\u00e9 m\u00e1s<\/a><\/div>\n<\/div>\n\n\n\n<p><\/p>\n<\/div><\/div>\n\n\n\n<h2 class=\"wp-block-heading\">Todas las funciones que necesit\u00e1s para administrar tu tienda<\/h2>\n\n\n\n<div class=\"wp-block-columns alignfull is-layout-flex wp-container-core-columns-is-layout-9d6595d7 wp-block-columns-is-layout-flex\">\n<div class=\"wp-block-column is-vertically-aligned-top . is-layout-flow wp-block-column-is-layout-flow\">\n<ul class=\"wp-block-list\">\n<li>Seguimiento de stock<\/li>\n\n\n\n<li><mark style=\"background-color:rgba(0, 0, 0, 0)\" class=\"has-inline-color has-light-gray-color\">Editor simple para crear tu tienda online.<\/mark><\/li>\n\n\n\n<li>Responsive design. <\/li>\n\n\n\n<li>Checkout seguro.<\/li>\n\n\n\n<li>Varias opciones de pago.<\/li>\n<\/ul>\n<\/div>\n\n\n\n<div class=\"wp-block-column is-vertically-aligned-center is-layout-flow wp-block-column-is-layout-flow\">\n<ul class=\"wp-block-list\">\n<li>Alta y baja de productos.<\/li>\n\n\n\n<li><mark style=\"background-color:rgba(0, 0, 0, 0)\" class=\"has-inline-color has-light-gray-color\">Galer\u00edas de producto.<\/mark><\/li>\n\n\n\n<li>Sistema de administraci\u00f3n profesional.<\/li>\n\n\n\n<li>Env\u00edos a todo el pa\u00eds.<\/li>\n\n\n\n<li>Cupones y descuentos.<\/li>\n<\/ul>\n\n\n\n<p><\/p>\n<\/div>\n<\/div>\n\n\n\n<div class=\"wp-block-cover alignfull\"><span aria-hidden=\"true\" class=\"wp-block-cover__background has-white-background-color has-background-dim-0 has-background-dim\"><\/span><img decoding=\"async\" width=\"1920\" height=\"1280\" class=\"wp-block-cover__image-background wp-image-159\" alt=\"\" src=\"https:\/\/webestudio.com.ar\/ecommerce\/wp-content\/uploads\/2020\/07\/img-blue.jpg\" data-object-fit=\"cover\" srcset=\"https:\/\/webestudio.com.ar\/ecommerce\/wp-content\/uploads\/2020\/07\/img-blue.jpg 1920w, https:\/\/webestudio.com.ar\/ecommerce\/wp-content\/uploads\/2020\/07\/img-blue-300x200.jpg 300w, https:\/\/webestudio.com.ar\/ecommerce\/wp-content\/uploads\/2020\/07\/img-blue-1024x683.jpg 1024w, https:\/\/webestudio.com.ar\/ecommerce\/wp-content\/uploads\/2020\/07\/img-blue-768x512.jpg 768w, https:\/\/webestudio.com.ar\/ecommerce\/wp-content\/uploads\/2020\/07\/img-blue-1536x1024.jpg 1536w, https:\/\/webestudio.com.ar\/ecommerce\/wp-content\/uploads\/2020\/07\/img-blue-676x451.jpg 676w\" sizes=\"(max-width: 1920px) 100vw, 1920px\" \/><div class=\"wp-block-cover__inner-container is-layout-flow wp-block-cover-is-layout-flow\">\n<p class=\"has-text-align-center has-large-font-size\">Est\u00e1s a un click de expandir tu negocio!<\/p>\n\n\n\n<div class=\"wp-block-buttons is-content-justification-center is-layout-flex wp-container-core-buttons-is-layout-16018d1d wp-block-buttons-is-layout-flex\">\n<div class=\"wp-block-button\"><a class=\"wp-block-button__link wp-element-button\" href=\"https:\/\/webestudio.com.ar\/ecommerce\/contacto#wpcf7-f308-p306-o1\">Empez\u00e1 ya<\/a><\/div>\n<\/div>\n<\/div><\/div>\n","protected":false},"excerpt":{"rendered":"<p>Seguimiento de pedidos Administra tus pedidos y tu inventario en todo momento. Medios de pago Ofrece m\u00faltiples opciones de pago como tarjetas de cr\u00e9dito , d\u00e9bito, transferencia bancaria o Mercado pago. Env\u00edos a todo el pa\u00eds Coordin\u00e1 y automatiz\u00e1 el env\u00edo de tus productos con la diferentes formas de env\u00edo: Mercado env\u00edos, correo, etc. Todas [&hellip;]<\/p>\n","protected":false},"author":1,"featured_media":0,"parent":0,"menu_order":0,"comment_status":"closed","ping_status":"closed","template":"template-fullwidth.php","meta":{"footnotes":""},"class_list":["post-7","page","type-page","status-publish","hentry","post-preview"],"_links":{"self":[{"href":"https:\/\/webestudio.com.ar\/ecommerce\/wp-json\/wp\/v2\/pages\/7","targetHints":{"allow":["GET"]}}],"collection":[{"href":"https:\/\/webestudio.com.ar\/ecommerce\/wp-json\/wp\/v2\/pages"}],"about":[{"href":"https:\/\/webestudio.com.ar\/ecommerce\/wp-json\/wp\/v2\/types\/page"}],"author":[{"embeddable":true,"href":"https:\/\/webestudio.com.ar\/ecommerce\/wp-json\/wp\/v2\/users\/1"}],"replies":[{"embeddable":true,"href":"https:\/\/webestudio.com.ar\/ecommerce\/wp-json\/wp\/v2\/comments?post=7"}],"version-history":[{"count":337,"href":"https:\/\/webestudio.com.ar\/ecommerce\/wp-json\/wp\/v2\/pages\/7\/revisions"}],"predecessor-version":[{"id":1562,"href":"https:\/\/webestudio.com.ar\/ecommerce\/wp-json\/wp\/v2\/pages\/7\/revisions\/1562"}],"wp:attachment":[{"href":"https:\/\/webestudio.com.ar\/ecommerce\/wp-json\/wp\/v2\/media?parent=7"}],"curies":[{"name":"wp","href":"https:\/\/api.w.org\/{rel}","templated":true}]}}